{"id":42513,"date":"2020-10-27T00:00:00","date_gmt":"2020-10-27T06:00:00","guid":{"rendered":"https:\/\/lifeseasons.com\/product\/inmunidad-clinicaquick-start\/"},"modified":"2022-10-19T14:27:36","modified_gmt":"2022-10-19T20:27:36","slug":"inmunidad-clinicaquick-start","status":"publish","type":"product","link":"https:\/\/dev.lifeseasons.com\/es\/product\/inmunidad-clinicaquick-start\/","title":{"rendered":"<strong>Inmunidad cl\u00ednica<\/strong><\/BR>Quick-Start"},"content":{"rendered":"[vc_row type=\u00bbin_container\u00bb full_screen_row_position=\u00bbmiddle\u00bb column_margin=\u00bbdefault\u00bb column_direction=\u00bbdefault\u00bb column_direction_tablet=\u00bbdefault\u00bb column_direction_phone=\u00bbdefault\u00bb scene_position=\u00bbcenter\u00bb text_color=\u00bbdark\u00bb text_align=\u00bbleft\u00bb row_border_radius=\u00bbnone\u00bb row_border_radius_applies=\u00bbbg\u00bb overlay_strength=\u00bb0.3&#8243; gradient_direction=\u00bbleft_to_right\u00bb shape_divider_position=\u00bbbottom\u00bb bg_image_animation=\u00bbnone\u00bb][vc_column column_padding=\u00bbno-extra-padding\u00bb column_padding_tablet=\u00bbinherit\u00bb column_padding_phone=\u00bbinherit\u00bb column_padding_position=\u00bball\u00bb column_element_spacing=\u00bbdefault\u00bb background_color_opacity=\u00bb1&#8243; background_hover_color_opacity=\u00bb1&#8243; column_shadow=\u00bbnone\u00bb column_border_radius=\u00bbnone\u00bb column_link_target=\u00bb_self\u00bb gradient_direction=\u00bbleft_to_right\u00bb overlay_strength=\u00bb0.3&#8243; width=\u00bb1\/1&#8243; tablet_width_inherit=\u00bbdefault\u00bb tablet_text_alignment=\u00bbdefault\u00bb phone_text_alignment=\u00bbdefault\u00bb bg_image_animation=\u00bbnone\u00bb border_type=\u00bbsimple\u00bb column_border_width=\u00bbnone\u00bb column_border_style=\u00bbsolid\u00bb][vc_column_text]\n<div id=\"expertvoice-recommendations\"><\/div>\n[\/vc_column_text][vc_raw_js]JTNDc2NyaXB0JTNFJTBBJTIwJTIwJTI4ZnVuY3Rpb24lMjhlJTJDeCUyQ3AlMjklMjAlN0IlMEElMjAlMjAlMjAlMjBlLkVWJTIwJTNEJTIwZS5FViUyMCU3QyU3QyUyMCU3QiU3RCUzQiUwQSUyMCUyMCUyMCUyMGUuRVYucmVjb1NldHRpbmdzJTIwJTNEJTIwJTdCJTBBJTIwJTIwJTIwJTIwJTIwJTIwYXBpS2V5JTNBJTIwJTI3MjEyYjAxNWM1NzcyZGMxNTFhYWJiYjMzNWYxODI0YmMlMjclMkMlMEElMjAlMjAlMjAlMjAlMjAlMjBwcm9kdWN0Q29kZSUzQSUyMCUyNzgxMDAzNDQ0NTAwMSUyNyUyQyUwQSUyMCUyMCUyMCUyMCUyMCUyMHRhcmdldCUzQSUyMCUyNyUyM2V4cGVydHZvaWNlLXJlY29tbWVuZGF0aW9ucyUyNyUwQSUyMCUyMCUyMCUyMCU3RCUzQiUwQSUwQSUyMCUyMHZhciUyMHMlMjAlM0QlMjB4LmNyZWF0ZUVsZW1lbnQlMjglMjdzY3JpcHQlMjclMjklM0IlMEElMjAlMjAlMjAlMjBzLnNyYyUyMCUzRCUyMHAlM0IlMEElMjAlMjAlMjAlMjBzLmFzeW5jJTIwJTNEJTIwdHJ1ZSUzQiUwQSUwQSUyMCUyMHZhciUyMGglMjAlM0QlMjB4LmdldEVsZW1lbnRzQnlUYWdOYW1lJTI4JTI3aGVhZCUyNyUyOSU1QjAlNUQlM0IlMEElMjAlMjAlMjAlMjBoLmFwcGVuZENoaWxkJTI4cyUyOSUzQiUwQSUyMCUyMCU3RCUyOSUyOHdpbmRvdyUyQyUyMGRvY3VtZW50JTJDJTIwJTI3JTJGJTJGY2RuLmV4cGVydHZvaWNlLmNvbSUyRndpZGdldCUyRmpzJTJGcmVjb21tZW5kYXRpb25zJTJGdjElMkZwbHVnaW4uanMlMjclMjklM0IlMEElM0MlMkZzY3JpcHQlM0U=[\/vc_raw_js][\/vc_column][\/vc_row][vc_row type=\u00bbin_container\u00bb full_screen_row_position=\u00bbmiddle\u00bb column_margin=\u00bbdefault\u00bb column_direction=\u00bbdefault\u00bb column_direction_tablet=\u00bbdefault\u00bb column_direction_phone=\u00bbdefault\u00bb scene_position=\u00bbcenter\u00bb text_color=\u00bbdark\u00bb text_align=\u00bbleft\u00bb row_border_radius=\u00bbnone\u00bb row_border_radius_applies=\u00bbbg\u00bb overlay_strength=\u00bb0.3&#8243; gradient_direction=\u00bbleft_to_right\u00bb shape_divider_position=\u00bbbottom\u00bb bg_image_animation=\u00bbnone\u00bb][vc_column column_padding=\u00bbno-extra-padding\u00bb column_padding_tablet=\u00bbinherit\u00bb column_padding_phone=\u00bbinherit\u00bb column_padding_position=\u00bball\u00bb column_element_spacing=\u00bbdefault\u00bb background_color_opacity=\u00bb1&#8243; background_hover_color_opacity=\u00bb1&#8243; column_shadow=\u00bbnone\u00bb column_border_radius=\u00bbnone\u00bb column_link_target=\u00bb_self\u00bb gradient_direction=\u00bbleft_to_right\u00bb overlay_strength=\u00bb0.3&#8243; width=\u00bb1\/1&#8243; tablet_width_inherit=\u00bbdefault\u00bb tablet_text_alignment=\u00bbdefault\u00bb phone_text_alignment=\u00bbdefault\u00bb bg_image_animation=\u00bbnone\u00bb border_type=\u00bbsimple\u00bb column_border_width=\u00bbnone\u00bb column_border_style=\u00bbsolid\u00bb][vc_column_text]\n\u00bfCu\u00e1l es la eficacia de la respuesta inmunitaria de su cuerpo en este momento?<\/p>\n<p>\u00bfEn qu\u00e9 medida puede su sistema movilizar las 5 c\u00e9lulas inmunitarias clave que atacan a los invasores y le mantienen sano?<\/p>\n<p><strong>\u00bfY si hubiera una forma de mejorar tus defensas en s\u00f3lo 2 horas?<\/strong><\/p>\n<p>Clinical Immunity Quick Start es la \u00fanica f\u00f3rmula disponible con ingredientes que han demostrado aumentar el n\u00famero, la actividad y la eficacia de las cinco c\u00e9lulas inmunitarias clave, y funciona en tan s\u00f3lo 2 horas.<\/p>\n<p>S\u00f3lo Clinical Immunity Quick Start combina ingredientes inmunol\u00f3gicos bien conocidos, como la baya del sa\u00faco negra, la vitamina D3 y el zinc, con los ingredientes cient\u00edficamente probados PureWay-C, EpiCor y Natramune, para proporcionar un potente impulso a su sistema inmunol\u00f3gico.<\/p>\n<p>Sobrecargue su sistema inmunol\u00f3gico durante 10 d\u00edas, llev\u00e1ndolo a su m\u00e1xima potencia, con una dosis espec\u00edfica de 6 c\u00e1psulas vegetales al d\u00eda.<\/p>\n<p>\u00a1Ning\u00fan otro producto inmunol\u00f3gico puede decir que se ha demostrado que activa las 5 c\u00e9lulas inmunitarias clave de su cuerpo en s\u00f3lo 2 horas![\/vc_column_text][\/vc_column][\/vc_row]\n","protected":false},"excerpt":{"rendered":"<ul class=\"ul1\">\n<li class=\"li1\">Activa las c\u00e9lulas inmunitarias en 2 horas<\/li>\n<li class=\"li1\">Restaura y repara el sistema inmunol\u00f3gico despu\u00e9s de la defensa inmunol\u00f3gica<\/li>\n<li class=\"li1\">Dosis cl\u00ednicas de EpiCor, Natramune y Vitamina C apoyadas por el sa\u00faco y el zinc<\/li>\n<\/ul>\n","protected":false},"featured_media":54975,"comment_status":"open","ping_status":"closed","template":"","meta":{"_acf_changed":false,"om_disable_all_campaigns":false,"_iconic_wsb_product_page_order_bump_ids":[[]],"_sku":["500"],"_iconic_wsb_product_page_bump_modal_ids":[[]]},"product_brand":[],"product_cat":[344,347,359,343],"product_tag":[],"class_list":{"0":"post-42513","1":"product","2":"type-product","3":"status-publish","4":"has-post-thumbnail","6":"product_cat-ganadors-de-premio","7":"product_cat-imunida-clinical","8":"product_cat-salud-respiratoria-y-inmunologica","9":"product_cat-todo-suplementos","10":"pa_subscribe-and-save-15-cada-dos-meses","11":"pa_subscribe-and-save-15-cada-mes","12":"pa_subscribe-and-save-15-cada-tres-meses","13":"pa_subscribe-and-save-15-una-vez","15":"first","16":"instock","17":"taxable","18":"shipping-taxable","19":"purchasable","20":"product-type-variable"},"group_of_quantity":0,"min_quantity":0,"max_quantity":"","exclude_order_quantity_value_rules":"no","exclude_category_quantity_rules":"no","combine_variations":"no","acf":[],"yoast_head":"<!-- This site is optimized with the Yoast SEO plugin v27.1.1 - https:\/\/yoast.com\/product\/yoast-seo-wordpress\/ -->\n<title>Inmunidad cl\u00ednicaQuick-Start - LifeSeasons | Natural Health Supplements<\/title>\n<meta name=\"robots\" content=\"index, follow, max-snippet:-1, max-image-preview:large, max-video-preview:-1\" \/>\n<link rel=\"canonical\" href=\"https:\/\/dev.lifeseasons.com\/es\/product\/inmunidad-clinicaquick-start\/\" \/>\n<meta property=\"og:locale\" content=\"es_ES\" \/>\n<meta property=\"og:type\" content=\"article\" \/>\n<meta property=\"og:title\" content=\"Inmunidad cl\u00ednicaQuick-Start - LifeSeasons | Natural Health Supplements\" \/>\n<meta property=\"og:description\" content=\"Activa las c\u00e9lulas inmunitarias en 2 horas  Restaura y repara el sistema inmunol\u00f3gico despu\u00e9s de la defensa inmunol\u00f3gica  Dosis cl\u00ednicas de EpiCor, Natramune y Vitamina C apoyadas por el sa\u00faco y el zinc\" \/>\n<meta property=\"og:url\" content=\"https:\/\/dev.lifeseasons.com\/es\/product\/inmunidad-clinicaquick-start\/\" \/>\n<meta property=\"og:site_name\" content=\"LifeSeasons | Natural Health Supplements\" \/>\n<meta property=\"article:modified_time\" content=\"2022-10-19T20:27:36+00:00\" \/>\n<meta property=\"og:image\" content=\"https:\/\/dev.lifeseasons.com\/wp-content\/uploads\/2020\/10\/LS_Clinical-Immunity-Quick-Start_225cc_1.jpg\" \/>\n\t<meta property=\"og:image:width\" content=\"750\" \/>\n\t<meta property=\"og:image:height\" content=\"750\" \/>\n\t<meta property=\"og:image:type\" content=\"image\/jpeg\" \/>\n<meta name=\"twitter:card\" content=\"summary_large_image\" \/>\n<meta name=\"twitter:label1\" content=\"Tiempo de lectura\" \/>\n\t<meta name=\"twitter:data1\" content=\"3 minutos\" \/>\n<script type=\"application\/ld+json\" class=\"yoast-schema-graph\">{\"@context\":\"https:\/\/schema.org\",\"@graph\":[{\"@type\":\"WebPage\",\"@id\":\"https:\/\/dev.lifeseasons.com\/es\/product\/inmunidad-clinicaquick-start\/\",\"url\":\"https:\/\/dev.lifeseasons.com\/es\/product\/inmunidad-clinicaquick-start\/\",\"name\":\"Inmunidad cl\u00ednicaQuick-Start - LifeSeasons | Natural Health Supplements\",\"isPartOf\":{\"@id\":\"https:\/\/dev.lifeseasons.com\/#website\"},\"primaryImageOfPage\":{\"@id\":\"https:\/\/dev.lifeseasons.com\/es\/product\/inmunidad-clinicaquick-start\/#primaryimage\"},\"image\":{\"@id\":\"https:\/\/dev.lifeseasons.com\/es\/product\/inmunidad-clinicaquick-start\/#primaryimage\"},\"thumbnailUrl\":\"https:\/\/dev.lifeseasons.com\/wp-content\/uploads\/2020\/10\/LS_Clinical-Immunity-Quick-Start_225cc_1.jpg\",\"datePublished\":\"2020-10-27T06:00:00+00:00\",\"dateModified\":\"2022-10-19T20:27:36+00:00\",\"breadcrumb\":{\"@id\":\"https:\/\/dev.lifeseasons.com\/es\/product\/inmunidad-clinicaquick-start\/#breadcrumb\"},\"inLanguage\":\"es\",\"potentialAction\":[{\"@type\":\"ReadAction\",\"target\":[\"https:\/\/dev.lifeseasons.com\/es\/product\/inmunidad-clinicaquick-start\/\"]}]},{\"@type\":\"ImageObject\",\"inLanguage\":\"es\",\"@id\":\"https:\/\/dev.lifeseasons.com\/es\/product\/inmunidad-clinicaquick-start\/#primaryimage\",\"url\":\"https:\/\/dev.lifeseasons.com\/wp-content\/uploads\/2020\/10\/LS_Clinical-Immunity-Quick-Start_225cc_1.jpg\",\"contentUrl\":\"https:\/\/dev.lifeseasons.com\/wp-content\/uploads\/2020\/10\/LS_Clinical-Immunity-Quick-Start_225cc_1.jpg\",\"width\":750,\"height\":750,\"caption\":\"LifeSeasons Clinical Immunity Quick Start\"},{\"@type\":\"BreadcrumbList\",\"@id\":\"https:\/\/dev.lifeseasons.com\/es\/product\/inmunidad-clinicaquick-start\/#breadcrumb\",\"itemListElement\":[{\"@type\":\"ListItem\",\"position\":1,\"name\":\"Home\",\"item\":\"https:\/\/dev.lifeseasons.com\/\"},{\"@type\":\"ListItem\",\"position\":2,\"name\":\"Shop\",\"item\":\"https:\/\/dev.lifeseasons.com\/shop\/\"},{\"@type\":\"ListItem\",\"position\":3,\"name\":\"Inmunidad cl\u00ednicaQuick-Start\"}]},{\"@type\":\"WebSite\",\"@id\":\"https:\/\/dev.lifeseasons.com\/#website\",\"url\":\"https:\/\/dev.lifeseasons.com\/\",\"name\":\"LifeSeasons | Natural Health Supplements\",\"description\":\"Take Back Your Health\",\"potentialAction\":[{\"@type\":\"SearchAction\",\"target\":{\"@type\":\"EntryPoint\",\"urlTemplate\":\"https:\/\/dev.lifeseasons.com\/?s={search_term_string}\"},\"query-input\":{\"@type\":\"PropertyValueSpecification\",\"valueRequired\":true,\"valueName\":\"search_term_string\"}}],\"inLanguage\":\"es\"}]}<\/script>\n<!-- \/ Yoast SEO plugin. -->","yoast_head_json":{"title":"Inmunidad cl\u00ednicaQuick-Start - LifeSeasons | Natural Health Supplements","robots":{"index":"index","follow":"follow","max-snippet":"max-snippet:-1","max-image-preview":"max-image-preview:large","max-video-preview":"max-video-preview:-1"},"canonical":"https:\/\/dev.lifeseasons.com\/es\/product\/inmunidad-clinicaquick-start\/","og_locale":"es_ES","og_type":"article","og_title":"Inmunidad cl\u00ednicaQuick-Start - LifeSeasons | Natural Health Supplements","og_description":"Activa las c\u00e9lulas inmunitarias en 2 horas  Restaura y repara el sistema inmunol\u00f3gico despu\u00e9s de la defensa inmunol\u00f3gica  Dosis cl\u00ednicas de EpiCor, Natramune y Vitamina C apoyadas por el sa\u00faco y el zinc","og_url":"https:\/\/dev.lifeseasons.com\/es\/product\/inmunidad-clinicaquick-start\/","og_site_name":"LifeSeasons | Natural Health Supplements","article_modified_time":"2022-10-19T20:27:36+00:00","og_image":[{"width":750,"height":750,"url":"https:\/\/dev.lifeseasons.com\/wp-content\/uploads\/2020\/10\/LS_Clinical-Immunity-Quick-Start_225cc_1.jpg","type":"image\/jpeg"}],"twitter_card":"summary_large_image","twitter_misc":{"Tiempo de lectura":"3 minutos"},"schema":{"@context":"https:\/\/schema.org","@graph":[{"@type":"WebPage","@id":"https:\/\/dev.lifeseasons.com\/es\/product\/inmunidad-clinicaquick-start\/","url":"https:\/\/dev.lifeseasons.com\/es\/product\/inmunidad-clinicaquick-start\/","name":"Inmunidad cl\u00ednicaQuick-Start - LifeSeasons | Natural Health Supplements","isPartOf":{"@id":"https:\/\/dev.lifeseasons.com\/#website"},"primaryImageOfPage":{"@id":"https:\/\/dev.lifeseasons.com\/es\/product\/inmunidad-clinicaquick-start\/#primaryimage"},"image":{"@id":"https:\/\/dev.lifeseasons.com\/es\/product\/inmunidad-clinicaquick-start\/#primaryimage"},"thumbnailUrl":"https:\/\/dev.lifeseasons.com\/wp-content\/uploads\/2020\/10\/LS_Clinical-Immunity-Quick-Start_225cc_1.jpg","datePublished":"2020-10-27T06:00:00+00:00","dateModified":"2022-10-19T20:27:36+00:00","breadcrumb":{"@id":"https:\/\/dev.lifeseasons.com\/es\/product\/inmunidad-clinicaquick-start\/#breadcrumb"},"inLanguage":"es","potentialAction":[{"@type":"ReadAction","target":["https:\/\/dev.lifeseasons.com\/es\/product\/inmunidad-clinicaquick-start\/"]}]},{"@type":"ImageObject","inLanguage":"es","@id":"https:\/\/dev.lifeseasons.com\/es\/product\/inmunidad-clinicaquick-start\/#primaryimage","url":"https:\/\/dev.lifeseasons.com\/wp-content\/uploads\/2020\/10\/LS_Clinical-Immunity-Quick-Start_225cc_1.jpg","contentUrl":"https:\/\/dev.lifeseasons.com\/wp-content\/uploads\/2020\/10\/LS_Clinical-Immunity-Quick-Start_225cc_1.jpg","width":750,"height":750,"caption":"LifeSeasons Clinical Immunity Quick Start"},{"@type":"BreadcrumbList","@id":"https:\/\/dev.lifeseasons.com\/es\/product\/inmunidad-clinicaquick-start\/#breadcrumb","itemListElement":[{"@type":"ListItem","position":1,"name":"Home","item":"https:\/\/dev.lifeseasons.com\/"},{"@type":"ListItem","position":2,"name":"Shop","item":"https:\/\/dev.lifeseasons.com\/shop\/"},{"@type":"ListItem","position":3,"name":"Inmunidad cl\u00ednicaQuick-Start"}]},{"@type":"WebSite","@id":"https:\/\/dev.lifeseasons.com\/#website","url":"https:\/\/dev.lifeseasons.com\/","name":"LifeSeasons | Natural Health Supplements","description":"Take Back Your Health","potentialAction":[{"@type":"SearchAction","target":{"@type":"EntryPoint","urlTemplate":"https:\/\/dev.lifeseasons.com\/?s={search_term_string}"},"query-input":{"@type":"PropertyValueSpecification","valueRequired":true,"valueName":"search_term_string"}}],"inLanguage":"es"}]}},"_links":{"self":[{"href":"https:\/\/dev.lifeseasons.com\/es\/wp-json\/wp\/v2\/product\/42513","targetHints":{"allow":["GET"]}}],"collection":[{"href":"https:\/\/dev.lifeseasons.com\/es\/wp-json\/wp\/v2\/product"}],"about":[{"href":"https:\/\/dev.lifeseasons.com\/es\/wp-json\/wp\/v2\/types\/product"}],"replies":[{"embeddable":true,"href":"https:\/\/dev.lifeseasons.com\/es\/wp-json\/wp\/v2\/comments?post=42513"}],"wp:featuredmedia":[{"embeddable":true,"href":"https:\/\/dev.lifeseasons.com\/es\/wp-json\/wp\/v2\/media\/54975"}],"wp:attachment":[{"href":"https:\/\/dev.lifeseasons.com\/es\/wp-json\/wp\/v2\/media?parent=42513"}],"wp:term":[{"taxonomy":"product_brand","embeddable":true,"href":"https:\/\/dev.lifeseasons.com\/es\/wp-json\/wp\/v2\/product_brand?post=42513"},{"taxonomy":"product_cat","embeddable":true,"href":"https:\/\/dev.lifeseasons.com\/es\/wp-json\/wp\/v2\/product_cat?post=42513"},{"taxonomy":"product_tag","embeddable":true,"href":"https:\/\/dev.lifeseasons.com\/es\/wp-json\/wp\/v2\/product_tag?post=42513"}],"curies":[{"name":"wp","href":"https:\/\/api.w.org\/{rel}","templated":true}]}}